{"id":5853,"date":"2023-05-09T14:40:28","date_gmt":"2023-05-09T12:40:28","guid":{"rendered":"https:\/\/nownowerzemioslo.pl\/?page_id=5853"},"modified":"2023-11-28T21:10:04","modified_gmt":"2023-11-28T20:10:04","slug":"polityka-prywatnosci","status":"publish","type":"page","link":"https:\/\/nownowerzemioslo.pl\/en\/polityka-prywatnosci\/","title":{"rendered":"Privacy Policy"},"content":{"rendered":"<p>\u00a7 1.Postanowienia og\u00f3lne<\/p>\r\n<ol>\r\n<li>Niniejsza Polityka Prywatno\u015bci Serwisu internetowego <a href=\"https:\/\/www.nownowerzemioislo.pl\" rel=\"nofollow noopener\" target=\"_blank\">www.nownowerzemioislo.pl<\/a>, ma zastosowanie do danych osobowych U\u017cytkownik\u00f3w, jak r\u00f3wnie\u017c do innych kategorii os\u00f3b wskazanych w niniejszej Polityce Prywatno\u015bci.<\/li>\r\n<li>Polityka Prywatno\u015bci jest dokumentem powi\u0105zanym z Regulaminem i<span class=\"Apple-converted-space\">\u00a0 <\/span>stanowi za\u0142\u0105cznik do Regulaminu.<\/li>\r\n<li>Polityka Prywatno\u015bci ma charakter informacyjny i jest spe\u0142nieniem obowi\u0105zk\u00f3w informacyjnych na\u0142o\u017conych na administratora danych osobowych przez RODO.<\/li>\r\n<\/ol>\r\n<p>\u00a7 2.<\/p>\r\n<p>Definicje:<\/p>\r\n<ol start=\"4\">\r\n<li>W\u0142a\u015bciciel Serwisu &#8211; jest Stowarzyszenie\u00a0<b>N\u00f3w<\/b>.\u00a0<b>Nowe Rzemios\u0142o<\/b>, z siedzib\u0105 Warszawie, przy ul. D\u0105browskiego 35\/6, 02-561 Warszawa, wpisane do rejestru przedsi\u0119biorc\u00f3w oraz do rejestru stowarzysze\u0144, innych organizacji spo\u0142ecznych i zawodowych, fundacji oraz samodzielnych publicznych zak\u0142ad\u00f3w opieki zdrowotnej Krajowego Rejestru S\u0105dowego przez S\u0105d Rejonowy dla m. st. Warszawy w Warszawie, XIII Wydzia\u0142 Gospodarczy Krajowego Rejestru S\u0105dowego, KRS 0000817037, REGON 385007920, NIP 9522202173.<\/li>\r\n<\/ol>\r\n<ol start=\"4\">\r\n<li>Serwis \u2013 prowadzona przez W\u0142a\u015bciciela w j\u0119zyku polskim on-line funkcjonuj\u0105ca pod adresem\u00a0 <a href=\"https:\/\/nownowerzemioslo.pl\/en\/\">https:\/\/nownowerzemioslo.pl\/<\/a><\/li>\r\n<li>Strona internetowa \u2013 strona internetowa pod adresem <a href=\"https:\/\/nownowerzemioslo.pl\/en\/\">https:\/\/nownowerzemioslo.pl\/<\/a>\u00a0oraz wszelkie jej podstrony;<\/li>\r\n<li>Strony \u2013 W\u0142a\u015bciciel i U\u017cytkownik;<\/li>\r\n<li>U\u017cytkownik \u2013 osoba fizyczna lub prawna lub jednostka organizacyjna nieposiadaj\u0105ca osobowo\u015bci prawnej, kt\u00f3ra poprzez zarejestrowanie w Serwisie w spos\u00f3b wskazany w odpowiednim Regulaminie, posiada aktywne konto U\u017cytkownika;<\/li>\r\n<li>Kupuj\u0105cy \u2013 U\u017cytkownik Serwisu, osoba fizyczna (posiadaj\u0105ca pe\u0142n\u0105 zdolno\u015b\u0107 do czynno\u015bci prawnych), prawna lub jednostka organizacyjna nieposiadaj\u0105ca osobowo\u015bci prawnej, kt\u00f3ra dokona\u0142a lub zamierza dokona\u0107 zakupu poprzez Serwis. Kupuj\u0105cym mo\u017ce by\u0107 zar\u00f3wno Konsument, jak i przedsi\u0119biorca;<\/li>\r\n<li>Sprzedawca \u2013 osoba fizyczna (posiadaj\u0105ca pe\u0142n\u0105 zdolno\u015b\u0107 do czynno\u015bci prawnych), prawna lub jednostka organizacyjna nieposiadaj\u0105ca osobowo\u015bci prawnej, kt\u00f3ra dokona\u0142a lub zamierza dokona\u0107 sprzeda\u017cy Produkt\u00f3w poprzez Serwis. Sprzedawc\u0105 mo\u017ce by\u0107 zar\u00f3wno osoba fizyczna nieprowadz\u0105ca dzia\u0142alno\u015bci gospodarczej, jak i przedsi\u0119biorca;<\/li>\r\n<li>RODO &#8211; Rozporz\u0105dzenie Parlamentu Europejskiego i Rady (UE) 2016\/679 z dnia 27 kwietnia 2016 r. w sprawie ochrony os\u00f3b fizycznych w zwi\u0105zku z przetwarzaniem danych osobowych i w sprawie swobodnego przep\u0142ywu takich danych oraz uchylenia dyrektywy 95\/46\/WE (og\u00f3lne rozporz\u0105dzenie o ochronie danych) (\u201eRODO\u201d);<\/li>\r\n<li>Regulamin &#8211; Regulamin Serwisu N\u00f3w. Nowe Rzemios\u0142o.<\/li>\r\n<\/ol>\r\n<p>\u00a7 3.Ochrona danych osobowych<\/p>\r\n<ol>\r\n<li>Administratorem danych osobowych w rozumieniu RODO jest W\u0142asciciel, czyli Stowarzyszenie\u00a0<b>N\u00f3w<\/b>.\u00a0<b>Nowe Rzemios\u0142o<\/b>, z siedzib\u0105 Warszawie, przy ul. D\u0105browskiego 35\/6, 02-561 Warszawa, wpisane do rejestru przedsi\u0119biorc\u00f3w oraz do rejestru stowarzysze\u0144, innych organizacji spo\u0142ecznych i zawodowych, fundacji oraz samodzielnych publicznych zak\u0142ad\u00f3w opieki zdrowotnej Krajowego Rejestru S\u0105dowego przez S\u0105d Rejonowy dla m. st. Warszawy w Warszawie, XIII Wydzia\u0142 Gospodarczy Krajowego Rejestru S\u0105dowego, KRS 0000817037, REGON 385007920, NIP 9522202173.<\/li>\r\n<li>Korzystanie z Serwisu wi\u0105\u017ce si\u0119 z konieczno\u015bci\u0105 podania przez U\u017cytkownika swoich w\u0142asnych danych osobowych.<\/li>\r\n<li>Administrator pozyskuje i przetwarza nast\u0119puj\u0105ce dane osobowe Kupuj\u0105cych:\r\n<ol>\r\n<li>e-mail<\/li>\r\n<li>Imi\u0119, nazwisko<\/li>\r\n<li>Miejsce zamieszkania<\/li>\r\n<li>Numer telefonu<\/li>\r\n<li>Firma przedsi\u0119biorstwa<\/li>\r\n<li>Adres prowadzenia dzia\u0142alno\u015bci gospodarczej<\/li>\r\n<li>Adres do dor\u0119cze\u0144<\/li>\r\n<li>Numer NIP przedsi\u0119biorstwa<\/li>\r\n<li>Numer rachunku bankowego<\/li>\r\n<\/ol>\r\n<\/li>\r\n<\/ol>\r\n<ol start=\"5\">\r\n<li>Administrator pozyskuje i przetwarza nast\u0119puj\u0105ce dane osobowe Sprzedawc\u00f3w:\r\n<ol>\r\n<li>e-mail<\/li>\r\n<li>Imi\u0119, nazwisko<\/li>\r\n<li>Firma przedsi\u0119biorstwa<\/li>\r\n<li>Adres prowadzenia dzia\u0142alno\u015bci gospodarczej<\/li>\r\n<li>Adres do dor\u0119cze\u0144<\/li>\r\n<li>Numer telefonu<\/li>\r\n<li>Numer NIP przedsi\u0119biorcy<\/li>\r\n<li>Numer rachunku bankowego<\/li>\r\n<li>Adres strony internetowej<\/li>\r\n<li>Link do fanpage\u2019a na Facebooku i Instagramie<\/li>\r\n<\/ol>\r\n<\/li>\r\n<li>Dane osobowe s\u0105 przetwarzane w celu za\u0142o\u017cenia i utrzymywania konta U\u017cytkownika oraz w zwi\u0105zku z realizacj\u0105 umowy sprzeda\u017cy poprzez platform\u0119 internetow\u0105, a tak\u017ce w celu \u015bwiadczenia us\u0142ug poprzez ni\u0105. Dane osobowe b\u0119d\u0105 przechowywane do 2 lata od dnia dezaktywacji konta U\u017cytkownika lub do dnia wyga\u015bni\u0119cia wszelkich roszcze\u0144 pomi\u0119dzy Sprzedawc\u0105 a Kupuj\u0105cym, w zale\u017cno\u015bci od tego, kt\u00f3re z termin\u00f3w nast\u0105pi p\u00f3\u017aniej. Podstaw\u0105 przetwarzania danych osobowych jest wykonywanie umowy na rzecz U\u017cytkownika.<\/li>\r\n<li>Podanie danych osobowych jest dobrowolne, jednak\u017ce brak ich podania uniemo\u017cliwia posiadanie konta U\u017cytkownika i dokonywanie zakup\u00f3w poprzez Serwis.<\/li>\r\n<li>Je\u017celi U\u017cytkownik zapisze si\u0119 do newslettera, dane osobowe b\u0119d\u0105 przetwarzane r\u00f3wnie\u017c w celach marketingowych, na podstawie art. 6 ust. 1 lit. f) rozporz\u0105dzenia o ochronie danych osobowych z dnia 27 kwietnia 2016 r. (RODO). Podanie danych osobowych w tym celu jest dobrowolne, jednak\u017ce brak brak ich podania uniemo\u017cliwia otrzymywanie wiadomo\u015bci od Administratora. Dane osobowe b\u0119d\u0105 przechowywane przez okres 5 lat lub do dnia wypisania si\u0119 z newslettera. Newsletter obs\u0142ugiwany jest przez podmiot maj\u0105cy siedzib\u0119 w USA &#8211; MailChimp, w zwi\u0105zku z czym przekazujemy dane U\u017cytkownika w tym zakresie do pa\u0144stwa trzeciego.<\/li>\r\n<li>U\u017cytkownikowi przys\u0142uguje prawo \u017c\u0105dania dost\u0119pu do tre\u015bci danych osobowych, ich sprostowania, usuni\u0119cia oraz prawo do ograniczenia ich przetwarzania. Ponadto tak\u017ce prawo do cofni\u0119cia zgody w dowolnym momencie bez wp\u0142ywu na zgodno\u015b\u0107 z prawem przetwarzania, prawo do przenoszenia danych oraz prawo do wniesienia sprzeciwu wobec przetwarzania danych osobowych,<\/li>\r\n<li>U\u017cytkownik posiada prawo wniesienia skargi do Prezesa Urz\u0119du Ochrony Danych Osobowych.<\/li>\r\n<li>Dane osobowe b\u0119d\u0105 przekazywane wy\u0142\u0105cznie innym U\u017cytkownikom Serwisu w celu realizacji um\u00f3w zawieranych poprzez ni\u0105 oraz podwykonawcom Administratora, tj. dostawcom us\u0142ug informatycznych, p\u0142atno\u015bci elektronicznych, ksi\u0119gowych oraz firmom kurierskim.<\/li>\r\n<li>Dane osobowe b\u0119d\u0105 przetwarzane w spos\u00f3b zautomatyzowany, tak\u017ce w formie profilowania za pomoc\u0105 narz\u0119dzi google analytics, facebook. Profilowanie b\u0119dzie mia\u0142o na celu umo\u017cliwienie przygotowania najlepszej, spersonalizowanej oferty i dedykowanych reklam oraz analizowania ruchu na stronie i w Internecie.<\/li>\r\n<li>Administrator mo\u017ce przesy\u0142a\u0107 U\u017cytkownikom na podane przez nich adresy e-mail informacje handlowe na temat swoich produkt\u00f3w i us\u0142ug, a tak\u017ce informacje handlowe dotycz\u0105ce produkt\u00f3w i us\u0142ug Kupuj\u0105cych, pod warunkiem, \u017ce U\u017cytkownik wyrazi\u0142 zgod\u0119 na ich otrzymywanie. U\u017cytkownik mo\u017ce w ka\u017cdej chwili odwo\u0142a\u0107 zgod\u0119.<\/li>\r\n<\/ol>\r\n<p>\u00a7 5.Uprawnienia U\u017cytkownika<\/p>\r\n<ol>\r\n<li>W przypadku zmiany danych osobowych, U\u017cytkownik powinien uaktualni\u0107 je na Profilu U\u017cytkownika.<\/li>\r\n<li>U\u017cytkownikowi przys\u0142uguje prawo \u017c\u0105dania dost\u0119pu do tre\u015bci swoich danych osobowych, ich sprostowania, usuni\u0119cia oraz prawo do ograniczenia ich przetwarzania. Ponadto tak\u017ce prawo do cofni\u0119cia zgody w dowolnym momencie bez wp\u0142ywu na zgodno\u015b\u0107 z prawem przetwarzania, prawo do przenoszenia danych oraz prawo do wniesienia sprzeciwu wobec przetwarzania danych osobowych.<\/li>\r\n<li>U\u017cytkownikowi przys\u0142uguje prawo wniesienia skargi do Prezesa Urz\u0119du Ochrony Danych Osobowych.<\/li>\r\n<li>Podanie danych osobowych jest dobrowolne, jednak\u017ce brak wyra\u017cenia zgody na przetwarzanie danych uniemo\u017cliwia korzystanie z Serwisu.<\/li>\r\n<li>Administrator mo\u017ce odm\u00f3wi\u0107 usuni\u0119cia danych osobowych U\u017cytkownika, je\u017celi zachowanie danych osobowych jest konieczne ze wzgl\u0119du na obowi\u0105zek na\u0142o\u017cony na Administratora przez przepisy prawa.<\/li>\r\n<\/ol>\r\n<p>\u00a7 6.Szyfrowanie danych<\/p>\r\n<ol>\r\n<li>Administrator zobowi\u0105zuje si\u0119 do szyfrowania transmisji danych w celu zabezpieczenia danych U\u017cytkownika przechowywanych w systemie.<\/li>\r\n<li>Ka\u017cde po\u0142\u0105czenie U\u017cytkownika z Serwisem jest szyfrowane i poufne.<\/li>\r\n<\/ol>\r\n<p>\u00a7 7.Techniczna ochrona danych<\/p>\r\n<ol>\r\n<li>Administrator zobowi\u0105zuje si\u0119 do przechowywania kopii bezpiecze\u0144stwa zawieraj\u0105cych dane osobowe U\u017cytkownika.<\/li>\r\n<li>Powierzone dane s\u0105 sk\u0142adowane na najwy\u017cszej klasy sprz\u0119cie i serwerach w odpowiednio zabezpieczonych centrach przechowywania informacji, do kt\u00f3rych dost\u0119p maj\u0105 tylko upowa\u017cnione osoby.<\/li>\r\n<li>Administrator przeprowadza czynno\u015bci zwi\u0105zane z przetwarzaniem danych osobowych z poszanowaniem wszystkich wymog\u00f3w prawnych i technicznych na\u0142o\u017conych na niego przez przepisy dotycz\u0105ce ochrony danych osobowych.<\/li>\r\n<\/ol>\r\n<p>\u00a7 8.Polityka cookies<\/p>\r\n<ol>\r\n<li>Dla wygody U\u017cytkownik\u00f3w Serwis u\u017cywa plik\u00f3w cookies m.in. w celu dostosowania serwisu do potrzeb U\u017cytkownik\u00f3w oraz w celach statystycznych. Cookies to niewielkie pliki tekstowe wysy\u0142ane przez serwis internetowy, kt\u00f3ry odwiedza internauta, do urz\u0105dzenia internauty.<\/li>\r\n<li>Gromadzone, w dziennikach log\u00f3w, dane s\u0105 wykorzystywane tylko i wy\u0142\u0105cznie do cel\u00f3w administrowania Serwisem.<\/li>\r\n<li>Zgodnie z praktyk\u0105 wi\u0119kszo\u015bci serwis\u00f3w www przechowujemy zapytania HTTP kierowane do naszego serwera (logi serwera). W zwi\u0105zku z powy\u017cszym przechowujemy:\r\n<ol>\r\n<li>adresy IP, z kt\u00f3rych u\u017cytkownicy przegl\u0105daj\u0105 tre\u015bci informacyjne serwisu;<\/li>\r\n<li>czas nadej\u015bcia zapytania,<\/li>\r\n<li>czas wys\u0142ania odpowiedzi,<\/li>\r\n<li>nazw\u0119 stacji klienta &#8211; identyfikacja realizowana przez protok\u00f3\u0142 HTTP,<\/li>\r\n<li>informacje o b\u0142\u0119dach jakie nast\u0105pi\u0142y przy realizacji transakcji HTTP,<\/li>\r\n<li>adres URL strony poprzednio odwiedzanej przez u\u017cytkownika (referer link);<\/li>\r\n<li>informacje o przegl\u0105darce u\u017cytkownika;<\/li>\r\n<\/ol>\r\n<\/li>\r\n<li>Zebrane logi przechowywane s\u0105 przez czas nieokre\u015blony jako materia\u0142 pomocniczy s\u0142u\u017c\u0105cy do administrowania Serwisem. Informacje w nich zawarte nie s\u0105 ujawniane nikomu poza osobami upowa\u017cnionymi do administrowania serwisem. Na podstawie plik\u00f3w log\u00f3w mog\u0105 by\u0107 generowane statystyki stanowi\u0105ce pomoc w administrowaniu. Zbiorcze podsumowania w postaci takich statystyk nie zawieraj\u0105 \u017cadnych cech identyfikuj\u0105cych osoby odwiedzaj\u0105ce serwis.<\/li>\r\n<li>Mechanizm Cookies nie jest wykorzystywany do pozyskiwania jakichkolwiek informacji o u\u017cytkownikach serwisu ani \u015bledzenia ich nawigacji. Pliki Cookies stosowane w Serwisie nie przechowuj\u0105 \u017cadnych danych osobowych ani innych informacji zebranych od u\u017cytkownik\u00f3w.<\/li>\r\n<li>W Serwisie wykorzystujemy nast\u0119puj\u0105ce pliki Cookies:\r\n<ol>\r\n<li>cookies google-analytics.com \u2013 statystyki dla witryny<\/li>\r\n<li>cookies sesyjne (wygasaj\u0105 po zako\u0144czeniu sesji)<\/li>\r\n<li>cookies wykorzystywane przy obs\u0142udze autoryzacji u\u017cytkownik\u00f3w<\/li>\r\n<li>cookies powi\u0105zane z wy\u015bwietlaniem komunikat\u00f3w zwi\u0105zanych z obs\u0142ug\u0105 formularzy<\/li>\r\n<li>cookies powi\u0105zane z wtyczk\u0105 \u201eAddThis Social Bookmarking Widget\u201d, kt\u00f3ra s\u0142u\u017cy do \u0142atwego dzielenia si\u0119 tre\u015bci\u0105 przez serwisy spo\u0142eczno\u015bciowe. Polityka prywatno\u015bci serwisu Addthis opisana jest tu:\u00a0<a href=\"https:\/\/www.addthis.com\/privacy\/privacy-policy%23publisher-visitors\" rel=\"nofollow noopener\" target=\"_blank\">https:\/\/www.addthis.com\/privacy\/privacy-policy#publ&#8230;<\/a><\/li>\r\n<\/ol>\r\n<\/li>\r\n<li>Serwisy obce, kt\u00f3rych materia\u0142y przedstawiamy, mog\u0105 tak\u017ce u\u017cywa\u0107 cookies, kt\u00f3re umo\u017cliwiaj\u0105 logowanie si\u0119, oraz s\u0142u\u017c\u0105 dostarczaniu reklam odpowiadaj\u0105cych upodobaniom i zachowaniom u\u017cytkownika. Administrator nie jest administratorem danych osobowych gromadzonych przez takie podmioty (o ile s\u0105 one gromadzone) i niniejszy dokument nie obejmuje takich stron.<\/li>\r\n<li>W przegl\u0105darce internetowej mo\u017cna zmieni\u0107 ustawienia dotycz\u0105ce cookies. Brak zmiany tych ustawie\u0144 oznacza akceptacj\u0119 dla stosowanych tu cookies.<\/li>\r\n<\/ol>\r\n<p>\u00a7 9.Kontakt<\/p>\r\n<ol>\r\n<li>U\u017cytkownik mo\u017ce w dowolnym czasie skontaktowa\u0107 si\u0119 z Administratorem w celu uzyskania informacji o tym, czy i w jaki spos\u00f3b Administrator wykorzystuje lub zamierza wykorzystywa\u0107 jego dane osobowe.<\/li>\r\n<li>U\u017cytkownik mo\u017ce r\u00f3wnie\u017c zwr\u00f3ci\u0107 si\u0119 do Administratora z pro\u015bb\u0105 o usuni\u0119cie jego danych osobowych w ca\u0142o\u015bci lub w okre\u015blonej cz\u0119\u015bci.<\/li>\r\n<li>Z Administratorem mo\u017cna skontaktowa\u0107 si\u0119 wysy\u0142aj\u0105c wiadomo\u015b\u0107 na adres e-mail: sklep@u245803.stronazen.pl<\/li>\r\n<\/ol>\r\n<p>&nbsp;<\/p>\r\n<p style=\"text-align: right;\">Niniejsza Polityka prywatno\u015bci wchodzi w \u017cycie z dniem 01.03.2020 r.<\/p>","protected":false},"excerpt":{"rendered":"<p>\u00a7 1.Postanowienia og\u00f3lne Niniejsza Polityka Prywatno\u015bci Serwisu internetowego www.nownowerzemioislo.pl, ma zastosowanie do danych osobowych U\u017cytkownik\u00f3w, jak r\u00f3wnie\u017c do innych kategorii os\u00f3b wskazanych w niniejszej Polityce Prywatno\u015bci. Polityka Prywatno\u015bci jest dokumentem powi\u0105zanym z Regulaminem i\u00a0 stanowi za\u0142\u0105cznik do Regulaminu. Polityka Prywatno\u015bci ma charakter informacyjny i jest spe\u0142nieniem obowi\u0105zk\u00f3w informacyjnych na\u0142o\u017conych na administratora danych osobowych przez RODO. [&hellip;]<\/p>\n","protected":false},"author":12,"featured_media":0,"parent":0,"menu_order":0,"comment_status":"closed","ping_status":"closed","template":"","meta":{"footnotes":""},"class_list":["post-5853","page","type-page","status-publish","hentry"],"_links":{"self":[{"href":"https:\/\/nownowerzemioslo.pl\/en\/wp-json\/wp\/v2\/pages\/5853","targetHints":{"allow":["GET"]}}],"collection":[{"href":"https:\/\/nownowerzemioslo.pl\/en\/wp-json\/wp\/v2\/pages"}],"about":[{"href":"https:\/\/nownowerzemioslo.pl\/en\/wp-json\/wp\/v2\/types\/page"}],"author":[{"embeddable":true,"href":"https:\/\/nownowerzemioslo.pl\/en\/wp-json\/wp\/v2\/users\/12"}],"replies":[{"embeddable":true,"href":"https:\/\/nownowerzemioslo.pl\/en\/wp-json\/wp\/v2\/comments?post=5853"}],"version-history":[{"count":0,"href":"https:\/\/nownowerzemioslo.pl\/en\/wp-json\/wp\/v2\/pages\/5853\/revisions"}],"wp:attachment":[{"href":"https:\/\/nownowerzemioslo.pl\/en\/wp-json\/wp\/v2\/media?parent=5853"}],"curies":[{"name":"wp","href":"https:\/\/api.w.org\/{rel}","templated":true}]}}