{"id":675,"date":"2020-12-04T12:38:27","date_gmt":"2020-12-04T11:38:27","guid":{"rendered":"https:\/\/new.nownowerzemioslo.pl\/?page_id=675"},"modified":"2026-04-07T17:14:55","modified_gmt":"2026-04-07T15:14:55","slug":"wspolpraca","status":"publish","type":"page","link":"https:\/\/nownowerzemioslo.pl\/en\/wspolpraca\/","title":{"rendered":"Cooperation"},"content":{"rendered":"<div data-elementor-type=\"wp-page\" data-elementor-id=\"675\" class=\"elementor elementor-675\" data-elementor-post-type=\"page\">\n\t\t\t\t\t\t<section class=\"elementor-section elementor-top-section elementor-element elementor-element-df7bc48 elementor-section-full_width elementor-reverse-mobile elementor-section-height-default elementor-section-height-default\" data-id=\"df7bc48\" data-element_type=\"section\" data-settings=\"{&quot;animation&quot;:&quot;none&quot;}\">\n\t\t\t\t\t\t<div class=\"elementor-container elementor-column-gap-no\">\n\t\t\t\t\t<div class=\"elementor-column elementor-col-33 elementor-top-column elementor-element elementor-element-1974b07\" data-id=\"1974b07\" data-element_type=\"column\">\n\t\t\t<div class=\"elementor-widget-wrap elementor-element-populated\">\n\t\t\t\t\t\t<div class=\"elementor-element elementor-element-8e502a9 elementor-widget elementor-widget-heading\" data-id=\"8e502a9\" data-element_type=\"widget\" data-widget_type=\"heading.default\">\n\t\t\t\t<div class=\"elementor-widget-container\">\n\t\t\t\t\t<h1 class=\"elementor-heading-title elementor-size-default\">Cooperation<\/h1>\t\t\t\t<\/div>\n\t\t\t\t<\/div>\n\t\t\t\t<div class=\"elementor-element elementor-element-6fe07fd elementor-widget elementor-widget-text-editor\" data-id=\"6fe07fd\" data-element_type=\"widget\" data-widget_type=\"text-editor.default\">\n\t\t\t\t<div class=\"elementor-widget-container\">\n\t\t\t\t\t\t\t\t\t<p>We cooperate with local authorities as well as cultural and commercial institutions. By organising exhibitions and events, we popularise Polish craft at home and abroad. Lectures and debates aim at introducing the audience to the secrets of both the traditional and modern making. We also advocate thoughtful and responsible consumption. We show craftsmanship as a perfect instance of producing objects and, at the same time, paying respect to the natural environment. We provide deep insight into the social and economic aspect of the activity of small local craft studios and workshops.<\/p><p>Some of our member studios offer craft workshops, including educational classes for children and adults. Our members actively participate in city consultations and local community meetings.<\/p><p>We cooperate, among others, with \u0141\u00f3d\u017a Design Festival, Zamek Cieszyn, Institute of Design in Kielce and Association \u201eBased in Warsaw\u201d. N\u00f3w\u2019s actions are also supported by other non-governmental organisations, such as Serfenta (basketry weaving) or Michelangelo Foundation, an international organisation committed to the promotion of craft.<\/p>\t\t\t\t\t\t\t\t<\/div>\n\t\t\t\t<\/div>\n\t\t\t\t<div class=\"elementor-element elementor-element-28c8305 elementor-widget__width-inherit elementor-widget elementor-widget-button\" data-id=\"28c8305\" data-element_type=\"widget\" data-widget_type=\"button.default\">\n\t\t\t\t<div class=\"elementor-widget-container\">\n\t\t\t\t\t\t\t\t\t<div class=\"elementor-button-wrapper\">\n\t\t\t\t\t<a class=\"elementor-button elementor-button-link elementor-size-sm\" href=\"https:\/\/nownowerzemioslo.pl\/wp-content\/uploads\/2025\/03\/2025_Now.New-Craft_catalogue.pdf\" target=\"_blank\">\n\t\t\t\t\t\t<span class=\"elementor-button-content-wrapper\">\n\t\t\t\t\t\t\t\t\t<span class=\"elementor-button-text\">Catalogue<\/span>\n\t\t\t\t\t<\/span>\n\t\t\t\t\t<\/a>\n\t\t\t\t<\/div>\n\t\t\t\t\t\t\t\t<\/div>\n\t\t\t\t<\/div>\n\t\t\t\t<div class=\"elementor-element elementor-element-f9eb29d elementor-widget elementor-widget-heading\" data-id=\"f9eb29d\" data-element_type=\"widget\" data-widget_type=\"heading.default\">\n\t\t\t\t<div class=\"elementor-widget-container\">\n\t\t\t\t\t<h2 class=\"elementor-heading-title elementor-size-default\">How to join us?<\/h2>\t\t\t\t<\/div>\n\t\t\t\t<\/div>\n\t\t\t\t<div class=\"elementor-element elementor-element-9d50a86 elementor-widget elementor-widget-text-editor\" data-id=\"9d50a86\" data-element_type=\"widget\" data-widget_type=\"text-editor.default\">\n\t\t\t\t<div class=\"elementor-widget-container\">\n\t\t\t\t\t\t\t\t\t<p>We run recruitment of new members of the N\u00f3w Association once a year. We accept applications until the end of November.\u00a0\u00a0<\/p><p>When selecting new members, we are guided primarily by the high quality of their products and their original style. We are currently accepting craftsmen and craftswomen whose products are part of the interior design. We also pay attention to the way the works are presented on the Internet: website, quality of photos, form and style of description of the works.<\/p><p>The formal criterion for acceptance is the presentation of a recommendation from at least one member of the association. New members are accepted by the Management Board based on the opinion of the General Meeting. It is important to read the Association's statute, sign the membership declaration and pay the entry fee.<\/p>\t\t\t\t\t\t\t\t<\/div>\n\t\t\t\t<\/div>\n\t\t\t\t<div class=\"elementor-element elementor-element-43b5004 elementor-widget__width-inherit elementor-widget elementor-widget-button\" data-id=\"43b5004\" data-element_type=\"widget\" data-widget_type=\"button.default\">\n\t\t\t\t<div class=\"elementor-widget-container\">\n\t\t\t\t\t\t\t\t\t<div class=\"elementor-button-wrapper\">\n\t\t\t\t\t<a class=\"elementor-button elementor-button-link elementor-size-sm\" href=\"https:\/\/nownowerzemioslo.pl\/wp-content\/uploads\/2020\/12\/deklaracja_czlonkowska_NOW.pdf\" target=\"_blank\">\n\t\t\t\t\t\t<span class=\"elementor-button-content-wrapper\">\n\t\t\t\t\t\t\t\t\t<span class=\"elementor-button-text\">Membership Application Form<\/span>\n\t\t\t\t\t<\/span>\n\t\t\t\t\t<\/a>\n\t\t\t\t<\/div>\n\t\t\t\t\t\t\t\t<\/div>\n\t\t\t\t<\/div>\n\t\t\t\t<div class=\"elementor-element elementor-element-c5fc7bd elementor-widget__width-inherit elementor-widget elementor-widget-button\" data-id=\"c5fc7bd\" data-element_type=\"widget\" data-widget_type=\"button.default\">\n\t\t\t\t<div class=\"elementor-widget-container\">\n\t\t\t\t\t\t\t\t\t<div class=\"elementor-button-wrapper\">\n\t\t\t\t\t<a class=\"elementor-button elementor-button-link elementor-size-sm\" href=\"https:\/\/forms.gle\/MeYphfDwECvrzszh9\" target=\"_blank\" rel=\"nofollow noopener\">\n\t\t\t\t\t\t<span class=\"elementor-button-content-wrapper\">\n\t\t\t\t\t\t\t\t\t<span class=\"elementor-button-text\">New Member Questionnaire<\/span>\n\t\t\t\t\t<\/span>\n\t\t\t\t\t<\/a>\n\t\t\t\t<\/div>\n\t\t\t\t\t\t\t\t<\/div>\n\t\t\t\t<\/div>\n\t\t\t\t<div class=\"elementor-element elementor-element-2143214 elementor-widget__width-inherit elementor-widget elementor-widget-button\" data-id=\"2143214\" data-element_type=\"widget\" data-widget_type=\"button.default\">\n\t\t\t\t<div class=\"elementor-widget-container\">\n\t\t\t\t\t\t\t\t\t<div class=\"elementor-button-wrapper\">\n\t\t\t\t\t<a class=\"elementor-button elementor-button-link elementor-size-sm\" href=\"https:\/\/nownowerzemioslo.pl\/wp-content\/uploads\/2026\/01\/2025.01.17-STATUT-tj.pdf\" target=\"_blank\">\n\t\t\t\t\t\t<span class=\"elementor-button-content-wrapper\">\n\t\t\t\t\t\t\t\t\t<span class=\"elementor-button-text\">Statute of the Association<\/span>\n\t\t\t\t\t<\/span>\n\t\t\t\t\t<\/a>\n\t\t\t\t<\/div>\n\t\t\t\t\t\t\t\t<\/div>\n\t\t\t\t<\/div>\n\t\t\t\t\t<\/div>\n\t\t<\/div>\n\t\t\t\t<div class=\"elementor-column elementor-col-66 elementor-top-column elementor-element elementor-element-1f5eb5f animated-fast elementor-invisible\" data-id=\"1f5eb5f\" data-element_type=\"column\" data-settings=\"{&quot;animation&quot;:&quot;fadeIn&quot;,&quot;animation_delay&quot;:500}\">\n\t\t\t<div class=\"elementor-widget-wrap elementor-element-populated\">\n\t\t\t\t\t\t<div class=\"elementor-element elementor-element-5342b73 elementor-widget elementor-widget-image\" data-id=\"5342b73\" data-element_type=\"widget\" data-widget_type=\"image.default\">\n\t\t\t\t<div class=\"elementor-widget-container\">\n\t\t\t\t\t\t\t\t\t\t\t\t\t\t\t<img fetchpriority=\"high\" decoding=\"async\" width=\"800\" height=\"532\" src=\"https:\/\/nownowerzemioslo.pl\/wp-content\/uploads\/2020\/12\/20200215-Radek-Zawadzki-The-Whole-Elements-072.jpg\" class=\"attachment-large size-large wp-image-1589\" alt=\"\" srcset=\"https:\/\/nownowerzemioslo.pl\/wp-content\/uploads\/2020\/12\/20200215-Radek-Zawadzki-The-Whole-Elements-072.jpg 1000w, https:\/\/nownowerzemioslo.pl\/wp-content\/uploads\/2020\/12\/20200215-Radek-Zawadzki-The-Whole-Elements-072-600x399.jpg 600w, https:\/\/nownowerzemioslo.pl\/wp-content\/uploads\/2020\/12\/20200215-Radek-Zawadzki-The-Whole-Elements-072-300x200.jpg 300w, https:\/\/nownowerzemioslo.pl\/wp-content\/uploads\/2020\/12\/20200215-Radek-Zawadzki-The-Whole-Elements-072-768x511.jpg 768w\" sizes=\"(max-width: 800px) 100vw, 800px\">\t\t\t\t\t\t\t\t\t\t\t\t\t\t\t<\/div>\n\t\t\t\t<\/div>\n\t\t\t\t\t<\/div>\n\t\t<\/div>\n\t\t\t\t\t<\/div>\n\t\t<\/section>\n\t\t\t\t<\/div>","protected":false},"excerpt":{"rendered":"<p>Wsp\u00f3\u0142praca Wsp\u00f3\u0142pracujemy z samorz\u0105dami, instytucjami kultury i komercyjnymi. Popularyzujemy polskie rzemios\u0142o w kraju i za granic\u0105, przygotowuj\u0105c wystawy i wydarzenia. Podczas prelekcji i debat wprowadzamy s\u0142uchaczy w tajniki zar\u00f3wno tradycyjnego, jak i wsp\u00f3\u0142czesnego wytw\u00f3rstwa, a tak\u017ce propagujemy przemy\u015blan\u0105 i odpowiedzialn\u0105 konsumpcj\u0119. Opowiadamy o rzemio\u015ble jako doskona\u0142ym przyk\u0142adzie na produkcj\u0119 przedmiot\u00f3w z poszanowaniem \u015brodowiska naturalnego. Wnikliwie [&hellip;]<\/p>\n","protected":false},"author":8,"featured_media":0,"parent":0,"menu_order":0,"comment_status":"closed","ping_status":"closed","template":"","meta":{"footnotes":""},"class_list":["post-675","page","type-page","status-publish","hentry"],"_links":{"self":[{"href":"https:\/\/nownowerzemioslo.pl\/en\/wp-json\/wp\/v2\/pages\/675","targetHints":{"allow":["GET"]}}],"collection":[{"href":"https:\/\/nownowerzemioslo.pl\/en\/wp-json\/wp\/v2\/pages"}],"about":[{"href":"https:\/\/nownowerzemioslo.pl\/en\/wp-json\/wp\/v2\/types\/page"}],"author":[{"embeddable":true,"href":"https:\/\/nownowerzemioslo.pl\/en\/wp-json\/wp\/v2\/users\/8"}],"replies":[{"embeddable":true,"href":"https:\/\/nownowerzemioslo.pl\/en\/wp-json\/wp\/v2\/comments?post=675"}],"version-history":[{"count":6,"href":"https:\/\/nownowerzemioslo.pl\/en\/wp-json\/wp\/v2\/pages\/675\/revisions"}],"predecessor-version":[{"id":8791,"href":"https:\/\/nownowerzemioslo.pl\/en\/wp-json\/wp\/v2\/pages\/675\/revisions\/8791"}],"wp:attachment":[{"href":"https:\/\/nownowerzemioslo.pl\/en\/wp-json\/wp\/v2\/media?parent=675"}],"curies":[{"name":"wp","href":"https:\/\/api.w.org\/{rel}","templated":true}]}}