{"id":8157,"date":"2025-09-10T16:12:51","date_gmt":"2025-09-10T14:12:51","guid":{"rendered":"https:\/\/nownowerzemioslo.pl\/?post_type=product&#038;p=8157"},"modified":"2025-11-14T07:55:17","modified_gmt":"2025-11-14T06:55:17","slug":"piedestal-w-imie-koloru-i-geometrii-2","status":"publish","type":"product","link":"https:\/\/nownowerzemioslo.pl\/en\/piedestal-w-imie-koloru-i-geometrii-2\/","title":{"rendered":"A pedestal in the name of color and geometry \/ 2"},"content":{"rendered":"<p><em>Small compositions of geometric solids, placed on little cubes, are perfectionist works, because they are fired in the kiln at once as the final form. Kryshtofik shows her craftsmanship, but goes further\u2014she applies gradients of colors, textures, shiny glazes. She creates objects that enchant. They are as delightful as cream puffs from trendy patisseries, as sweet as French macarons. Yet it only takes a moment of looking at the works to notice that the artist constructs her compositions from everyday observations. Abstract spheres, cylinders, and cones are entwined with the corrugated hose of a vacuum cleaner, inside a cube she recreates the shape of a cream jar, a rough texture evokes a styrofoam sheet. A bourgeois figurine for the living-room table, instead of transporting us into a world of shepherdesses and ballerinas, enchants the everyday.<\/em><\/p>\n<p>https:\/\/www.vogue.pl\/a\/wystawa-now-w-pelni-poza-przedmiotem<\/p>\n<p>Presented at the exhibition Full New Moon at the Institute of Industrial Design until September 30. Shipping \/ Pickup available after the exhibition ends<\/p>","protected":false},"excerpt":{"rendered":"<p>&#8222;Niewielkie kompozycje z geometrycznych bry\u0142, ustawione na ma\u0142ych kubikach s\u0105 perfekcjonistyczne, bo wypalone w piecu na raz jako finalna forma. Kryshtofik popisuje si\u0119 kunsztem, ale idzie dalej, nak\u0142ada gradienty z kolor\u00f3w, faktury, b\u0142yszcz\u0105ce szkliwa. Tworzy przedmioty, kt\u00f3re czaruj\u0105. S\u0105 urocze jak ptysie z modnych cukierni patisserie, s\u0142odkie jak francuskie makaroniki. Jednak wystarczy chwil\u0119 przyjrze\u0107 si\u0119 [&hellip;]<\/p>\n","protected":false},"featured_media":8148,"template":"","meta":[],"product_brand":[],"product_cat":[65,1201,62],"product_tag":[1232,1103],"material":[67],"rzemieslnicy":[1226],"class_list":{"0":"post-8157","1":"product","2":"type-product","3":"status-publish","4":"has-post-thumbnail","6":"product_cat-dekoracje","7":"product_cat-now-w-pelni-wystawa","8":"product_cat-rzezby","9":"product_tag-aliona-kryshtofik","10":"product_tag-wazon","11":"material-ceramika","12":"rzemieslnicy-aliona-kryshtofik","14":"first","15":"outofstock","16":"sold-individually","17":"shipping-taxable","18":"purchasable","19":"product-type-simple"},"_links":{"self":[{"href":"https:\/\/nownowerzemioslo.pl\/en\/wp-json\/wp\/v2\/product\/8157","targetHints":{"allow":["GET"]}}],"collection":[{"href":"https:\/\/nownowerzemioslo.pl\/en\/wp-json\/wp\/v2\/product"}],"about":[{"href":"https:\/\/nownowerzemioslo.pl\/en\/wp-json\/wp\/v2\/types\/product"}],"wp:featuredmedia":[{"embeddable":true,"href":"https:\/\/nownowerzemioslo.pl\/en\/wp-json\/wp\/v2\/media\/8148"}],"wp:attachment":[{"href":"https:\/\/nownowerzemioslo.pl\/en\/wp-json\/wp\/v2\/media?parent=8157"}],"wp:term":[{"taxonomy":"product_brand","embeddable":true,"href":"https:\/\/nownowerzemioslo.pl\/en\/wp-json\/wp\/v2\/product_brand?post=8157"},{"taxonomy":"product_cat","embeddable":true,"href":"https:\/\/nownowerzemioslo.pl\/en\/wp-json\/wp\/v2\/product_cat?post=8157"},{"taxonomy":"product_tag","embeddable":true,"href":"https:\/\/nownowerzemioslo.pl\/en\/wp-json\/wp\/v2\/product_tag?post=8157"},{"taxonomy":"material","embeddable":true,"href":"https:\/\/nownowerzemioslo.pl\/en\/wp-json\/wp\/v2\/material?post=8157"},{"taxonomy":"rzemieslnicy","embeddable":true,"href":"https:\/\/nownowerzemioslo.pl\/en\/wp-json\/wp\/v2\/rzemieslnicy?post=8157"}],"curies":[{"name":"wp","href":"https:\/\/api.w.org\/{rel}","templated":true}]}}